{"id":43,"date":"2025-12-01T16:38:49","date_gmt":"2025-12-01T15:38:49","guid":{"rendered":"https:\/\/restaurant-inselparadies.de\/tisch-reservierung\/"},"modified":"2025-12-15T16:43:06","modified_gmt":"2025-12-15T15:43:06","slug":"tisch-reservierung","status":"publish","type":"page","link":"https:\/\/restaurant-inselparadies.de\/en\/tisch-reservierung\/","title":{"rendered":"Reservation request"},"content":{"rendered":"<div data-elementor-type=\"wp-page\" data-elementor-id=\"43\" class=\"elementor elementor-43\" data-elementor-post-type=\"page\">\n\t\t\t\t<div class=\"elementor-element elementor-element-53655b55 e-flex e-con-boxed e-con e-parent\" data-id=\"53655b55\" data-element_type=\"container\">\n\t\t\t\t\t<div class=\"e-con-inner\">\n\t\t\t\t<div class=\"elementor-element elementor-element-24c51191 elementor-widget elementor-widget-heading\" data-id=\"24c51191\" data-element_type=\"widget\" data-widget_type=\"heading.default\">\n\t\t\t\t\t<h2 class=\"elementor-heading-title elementor-size-default\">Reservation request<\/h2>\t\t\t\t<\/div>\n\t\t\t\t<div class=\"elementor-element elementor-element-64275fe3 elementor-widget elementor-widget-heading\" data-id=\"64275fe3\" data-element_type=\"widget\" data-widget_type=\"heading.default\">\n\t\t\t\t\t<h2 class=\"elementor-heading-title elementor-size-default\">We will check your requested date and get back to you with feedback.<\/h2>\t\t\t\t<\/div>\n\t\t\t\t\t<\/div>\n\t\t\t\t<\/div>\n\t\t<div class=\"elementor-element elementor-element-3b2fed70 e-flex e-con-boxed e-con e-parent\" data-id=\"3b2fed70\" data-element_type=\"container\">\n\t\t\t\t\t<div class=\"e-con-inner\">\n\t\t<div class=\"elementor-element elementor-element-30ad5eab e-con-full e-flex e-con e-child\" data-id=\"30ad5eab\" data-element_type=\"container\" data-settings=\"{&quot;background_background&quot;:&quot;classic&quot;}\">\n\t\t\t\t<div class=\"elementor-element elementor-element-3d51ee89 elementor-button-align-center elementor-widget elementor-widget-form\" data-id=\"3d51ee89\" data-element_type=\"widget\" data-settings=\"{&quot;step_next_label&quot;:&quot;N\\u00e4chster&quot;,&quot;step_previous_label&quot;:&quot;Voriger&quot;,&quot;button_width&quot;:&quot;100&quot;,&quot;step_type&quot;:&quot;number_text&quot;,&quot;step_icon_shape&quot;:&quot;circle&quot;}\" data-widget_type=\"form.default\">\n\t\t\t\t\t\t\t<form class=\"elementor-form\" method=\"post\" name=\"Tisch Reservierung\" aria-label=\"Reservation request\" action=\"\">\n\t\t\t<input type=\"hidden\" name=\"post_id\" value=\"43\"\/>\n\t\t\t<input type=\"hidden\" name=\"form_id\" value=\"3d51ee89\"\/>\n\t\t\t<input type=\"hidden\" name=\"referer_title\" value=\"Tisch Reservierung - Inselparadies - Asiatische Spezialit\u00e4ten\" \/>\n\n\t\t\t\t\t\t\t<input type=\"hidden\" name=\"queried_id\" value=\"43\"\/>\n\t\t\t\n\t\t\t<div class=\"elementor-form-fields-wrapper elementor-labels-above\">\n\t\t\t\t\t\t\t\t<div class=\"elementor-field-type-text elementor-field-group elementor-column elementor-field-group-name elementor-col-50\">\n\t\t\t\t\t\t\t\t\t\t\t\t<label for=\"form-field-name\" class=\"elementor-field-label\">\n\t\t\t\t\t\t\t\tName\t\t\t\t\t\t\t<\/label>\n\t\t\t\t\t\t\t\t\t\t\t\t\t\t<input size=\"1\" type=\"text\" name=\"form_fields[name]\" id=\"form-field-name\" class=\"elementor-field elementor-size-sm  elementor-field-textual\">\n\t\t\t\t\t\t\t\t\t\t\t<\/div>\n\t\t\t\t\t\t\t\t<div class=\"elementor-field-type-tel elementor-field-group elementor-column elementor-field-group-email elementor-col-50 elementor-field-required\">\n\t\t\t\t\t\t\t\t\t\t\t\t<label for=\"form-field-email\" class=\"elementor-field-label\">\n\t\t\t\t\t\t\t\tPhone\t\t\t\t\t\t\t<\/label>\n\t\t\t\t\t\t\t\t<input size=\"1\" type=\"tel\" name=\"form_fields[email]\" id=\"form-field-email\" class=\"elementor-field elementor-size-sm  elementor-field-textual\" required=\"required\" pattern=\"[0-9()#&amp;+*-=.]+\" title=\"Nur Nummern oder Telefon-Zeichen (#, -, *, etc) werden akzeptiert.\">\n\n\t\t\t\t\t\t<\/div>\n\t\t\t\t\t\t\t\t<div class=\"elementor-field-type-email elementor-field-group elementor-column elementor-field-group-field_e922a6b elementor-col-50 elementor-field-required\">\n\t\t\t\t\t\t\t\t\t\t\t\t<label for=\"form-field-field_e922a6b\" class=\"elementor-field-label\">\n\t\t\t\t\t\t\t\tE-Mail\t\t\t\t\t\t\t<\/label>\n\t\t\t\t\t\t\t\t\t\t\t\t\t\t<input size=\"1\" type=\"email\" name=\"form_fields[field_e922a6b]\" id=\"form-field-field_e922a6b\" class=\"elementor-field elementor-size-sm  elementor-field-textual\" required=\"required\">\n\t\t\t\t\t\t\t\t\t\t\t<\/div>\n\t\t\t\t\t\t\t\t<div class=\"elementor-field-type-date elementor-field-group elementor-column elementor-field-group-field_890c15d elementor-col-50 elementor-field-required\">\n\t\t\t\t\t\t\t\t\t\t\t\t<label for=\"form-field-field_890c15d\" class=\"elementor-field-label\">\n\t\t\t\t\t\t\t\tDate\t\t\t\t\t\t\t<\/label>\n\t\t\t\t\t\t\n\t\t<input type=\"date\" name=\"form_fields[field_890c15d]\" id=\"form-field-field_890c15d\" class=\"elementor-field elementor-size-sm  elementor-field-textual elementor-date-field\" required=\"required\" pattern=\"[0-9]{4}-[0-9]{2}-[0-9]{2}\">\n\t\t\t\t\t\t<\/div>\n\t\t\t\t\t\t\t\t<div class=\"elementor-field-type-time elementor-field-group elementor-column elementor-field-group-field_768edc2 elementor-col-50 elementor-field-required\">\n\t\t\t\t\t\t\t\t\t\t\t\t<label for=\"form-field-field_768edc2\" class=\"elementor-field-label\">\n\t\t\t\t\t\t\t\tTime\t\t\t\t\t\t\t<\/label>\n\t\t\t\t\t\t\t\t<input type=\"time\" name=\"form_fields[field_768edc2]\" id=\"form-field-field_768edc2\" class=\"elementor-field elementor-size-sm  elementor-field-textual elementor-time-field\" required=\"required\">\n\t\t\t\t\t\t<\/div>\n\t\t\t\t\t\t\t\t<div class=\"elementor-field-type-number elementor-field-group elementor-column elementor-field-group-field_15ad8b3 elementor-col-50 elementor-field-required\">\n\t\t\t\t\t\t\t\t\t\t\t\t<label for=\"form-field-field_15ad8b3\" class=\"elementor-field-label\">\n\t\t\t\t\t\t\t\tNumber of guests\t\t\t\t\t\t\t<\/label>\n\t\t\t\t\t\t\t\t\t<input type=\"number\" name=\"form_fields[field_15ad8b3]\" id=\"form-field-field_15ad8b3\" class=\"elementor-field elementor-size-sm  elementor-field-textual\" required=\"required\" min=\"\" max=\"\" >\n\t\t\t\t\t\t<\/div>\n\t\t\t\t\t\t\t\t<div class=\"elementor-field-type-textarea elementor-field-group elementor-column elementor-field-group-message elementor-col-100\">\n\t\t\t\t\t\t\t\t\t\t\t\t<label for=\"form-field-message\" class=\"elementor-field-label\">\n\t\t\t\t\t\t\t\tMessage\t\t\t\t\t\t\t<\/label>\n\t\t\t\t\t\t<textarea class=\"elementor-field-textual elementor-field  elementor-size-sm\" name=\"form_fields[message]\" id=\"form-field-message\" rows=\"4\"><\/textarea>\t\t\t\t<\/div>\n\t\t\t\t\t\t\t\t<div class=\"elementor-field-type-radio elementor-field-group elementor-column elementor-field-group-field_8399266 elementor-col-100 elementor-field-required\">\n\t\t\t\t\t<div class=\"elementor-field-subgroup\"><span class=\"elementor-field-option\"><input type=\"radio\" value=\"Ja ich stimme der \u00dcbermittlung meiner personenbezogenen Daten zu und habe die Datenschutzerkl\u00e4rung gelesen.\" id=\"form-field-field_8399266-0\" name=\"form_fields[field_8399266]\" required=\"required\"> <label for=\"form-field-field_8399266-0\">I agree to the transmission of my personal data and have read the privacy policy.<\/label><\/span><\/div>\t\t\t\t<\/div>\n\t\t\t\t\t\t\t\t<div class=\"elementor-field-group elementor-column elementor-field-type-submit elementor-col-100 e-form__buttons\">\n\t\t\t\t\t<button class=\"elementor-button elementor-size-sm\" type=\"submit\">\n\t\t\t\t\t\t<span class=\"elementor-button-content-wrapper\">\n\t\t\t\t\t\t\t\t\t\t\t\t\t\t\t\t\t\t\t\t\t\t<span class=\"elementor-button-text\">SEND REQUEST<\/span>\n\t\t\t\t\t\t\t\t\t\t\t\t\t<\/span>\n\t\t\t\t\t<\/button>\n\t\t\t\t<\/div>\n\t\t\t<\/div>\n\t\t<input type=\"hidden\" name=\"trp-form-language\" value=\"en\"\/><\/form>\n\t\t\t\t\t\t<\/div>\n\t\t\t\t<\/div>\n\t\t<div class=\"elementor-element elementor-element-7f2dd19a e-con-full e-flex e-con e-child\" data-id=\"7f2dd19a\" data-element_type=\"container\" data-settings=\"{&quot;background_background&quot;:&quot;classic&quot;}\">\n\t\t\t\t<div class=\"elementor-element elementor-element-6713dfb9 elementor-widget elementor-widget-text-editor\" data-id=\"6713dfb9\" data-element_type=\"widget\" data-widget_type=\"text-editor.default\">\n\t\t\t\t\t\t\t\t\t<p>Please note:<br \/>We are closed on Mondays and require one day's notice for reservations. A reservation is only binding once we have confirmed it by phone or email.<\/p>\t\t\t\t\t\t\t\t<\/div>\n\t\t\t\t<\/div>\n\t\t\t\t\t<\/div>\n\t\t\t\t<\/div>\n\t\t\t\t<\/div>","protected":false},"excerpt":{"rendered":"<p>Reservierungsanfrage Wir pr\u00fcfen Ihren Wunschtermin und melden uns mit einer R\u00fcckmeldung. Bitte beachten Sie:Wir haben Montags Ruhetag und wir ben\u00f6tigen einen Tag Vorlauf f\u00fcr die Reservierung. Eine Reservierung ist erst bindend, wenn wir sie telefonisch oder per E-Mail best\u00e4tigt haben.<\/p>","protected":false},"author":1,"featured_media":0,"parent":0,"menu_order":0,"comment_status":"closed","ping_status":"closed","template":"elementor_header_footer","meta":{"footnotes":""},"class_list":["post-43","page","type-page","status-publish","hentry"],"yoast_head":"<!-- This site is optimized with the Yoast SEO plugin v26.6 - https:\/\/yoast.com\/wordpress\/plugins\/seo\/ -->\n<title>Tisch Reservierung - Inselparadies - Asiatische Spezialit\u00e4ten<\/title>\n<meta name=\"robots\" content=\"index, follow, max-snippet:-1, max-image-preview:large, max-video-preview:-1\" \/>\n<link rel=\"canonical\" href=\"https:\/\/restaurant-inselparadies.de\/en\/tisch-reservierung\/\" \/>\n<meta property=\"og:locale\" content=\"en_GB\" \/>\n<meta property=\"og:type\" content=\"article\" \/>\n<meta property=\"og:title\" content=\"Tisch Reservierung - Inselparadies - Asiatische Spezialit\u00e4ten\" \/>\n<meta property=\"og:description\" content=\"Reservierungsanfrage Wir pr\u00fcfen Ihren Wunschtermin und melden uns mit einer R\u00fcckmeldung. Bitte beachten Sie:Wir haben Montags Ruhetag und wir ben\u00f6tigen einen Tag Vorlauf f\u00fcr die Reservierung. Eine Reservierung ist erst bindend, wenn wir sie telefonisch oder per E-Mail best\u00e4tigt haben.\" \/>\n<meta property=\"og:url\" content=\"https:\/\/restaurant-inselparadies.de\/en\/tisch-reservierung\/\" \/>\n<meta property=\"og:site_name\" content=\"Inselparadies - Asiatische Spezialit\u00e4ten\" \/>\n<meta property=\"article:modified_time\" content=\"2025-12-15T15:43:06+00:00\" \/>\n<meta name=\"twitter:card\" content=\"summary_large_image\" \/>\n<meta name=\"twitter:label1\" content=\"Estimated reading time\" \/>\n\t<meta name=\"twitter:data1\" content=\"1 minute\" \/>\n<script type=\"application\/ld+json\" class=\"yoast-schema-graph\">{\"@context\":\"https:\/\/schema.org\",\"@graph\":[{\"@type\":\"WebPage\",\"@id\":\"https:\/\/restaurant-inselparadies.de\/tisch-reservierung\/\",\"url\":\"https:\/\/restaurant-inselparadies.de\/tisch-reservierung\/\",\"name\":\"Tisch Reservierung - Inselparadies - Asiatische Spezialit\u00e4ten\",\"isPartOf\":{\"@id\":\"https:\/\/restaurant-inselparadies.de\/#website\"},\"datePublished\":\"2025-12-01T15:38:49+00:00\",\"dateModified\":\"2025-12-15T15:43:06+00:00\",\"breadcrumb\":{\"@id\":\"https:\/\/restaurant-inselparadies.de\/tisch-reservierung\/#breadcrumb\"},\"inLanguage\":\"en-GB\",\"potentialAction\":[{\"@type\":\"ReadAction\",\"target\":[\"https:\/\/restaurant-inselparadies.de\/tisch-reservierung\/\"]}]},{\"@type\":\"BreadcrumbList\",\"@id\":\"https:\/\/restaurant-inselparadies.de\/tisch-reservierung\/#breadcrumb\",\"itemListElement\":[{\"@type\":\"ListItem\",\"position\":1,\"name\":\"Startseite\",\"item\":\"https:\/\/restaurant-inselparadies.de\/\"},{\"@type\":\"ListItem\",\"position\":2,\"name\":\"Tisch Reservierung\"}]},{\"@type\":\"WebSite\",\"@id\":\"https:\/\/restaurant-inselparadies.de\/#website\",\"url\":\"https:\/\/restaurant-inselparadies.de\/\",\"name\":\"Inselparadies - Asiatische Spezialit\u00e4ten\",\"description\":\"Authentische K\u00fcche. Frisch zubereitet.\",\"potentialAction\":[{\"@type\":\"SearchAction\",\"target\":{\"@type\":\"EntryPoint\",\"urlTemplate\":\"https:\/\/restaurant-inselparadies.de\/?s={search_term_string}\"},\"query-input\":{\"@type\":\"PropertyValueSpecification\",\"valueRequired\":true,\"valueName\":\"search_term_string\"}}],\"inLanguage\":\"en-GB\"}]}<\/script>\n<!-- \/ Yoast SEO plugin. -->","yoast_head_json":{"title":"Tisch Reservierung - Inselparadies - Asiatische Spezialit\u00e4ten","robots":{"index":"index","follow":"follow","max-snippet":"max-snippet:-1","max-image-preview":"max-image-preview:large","max-video-preview":"max-video-preview:-1"},"canonical":"https:\/\/restaurant-inselparadies.de\/en\/tisch-reservierung\/","og_locale":"en_GB","og_type":"article","og_title":"Tisch Reservierung - Inselparadies - Asiatische Spezialit\u00e4ten","og_description":"Reservierungsanfrage Wir pr\u00fcfen Ihren Wunschtermin und melden uns mit einer R\u00fcckmeldung. Bitte beachten Sie:Wir haben Montags Ruhetag und wir ben\u00f6tigen einen Tag Vorlauf f\u00fcr die Reservierung. Eine Reservierung ist erst bindend, wenn wir sie telefonisch oder per E-Mail best\u00e4tigt haben.","og_url":"https:\/\/restaurant-inselparadies.de\/en\/tisch-reservierung\/","og_site_name":"Inselparadies - Asiatische Spezialit\u00e4ten","article_modified_time":"2025-12-15T15:43:06+00:00","twitter_card":"summary_large_image","twitter_misc":{"Estimated reading time":"1 minute"},"schema":{"@context":"https:\/\/schema.org","@graph":[{"@type":"WebPage","@id":"https:\/\/restaurant-inselparadies.de\/tisch-reservierung\/","url":"https:\/\/restaurant-inselparadies.de\/tisch-reservierung\/","name":"Tisch Reservierung - Inselparadies - Asiatische Spezialit\u00e4ten","isPartOf":{"@id":"https:\/\/restaurant-inselparadies.de\/#website"},"datePublished":"2025-12-01T15:38:49+00:00","dateModified":"2025-12-15T15:43:06+00:00","breadcrumb":{"@id":"https:\/\/restaurant-inselparadies.de\/tisch-reservierung\/#breadcrumb"},"inLanguage":"en-GB","potentialAction":[{"@type":"ReadAction","target":["https:\/\/restaurant-inselparadies.de\/tisch-reservierung\/"]}]},{"@type":"BreadcrumbList","@id":"https:\/\/restaurant-inselparadies.de\/tisch-reservierung\/#breadcrumb","itemListElement":[{"@type":"ListItem","position":1,"name":"Startseite","item":"https:\/\/restaurant-inselparadies.de\/"},{"@type":"ListItem","position":2,"name":"Tisch Reservierung"}]},{"@type":"WebSite","@id":"https:\/\/restaurant-inselparadies.de\/#website","url":"https:\/\/restaurant-inselparadies.de\/","name":"Inselparadies - Asiatische Spezialit\u00e4ten","description":"Authentic cuisine. Freshly prepared.","potentialAction":[{"@type":"SearchAction","target":{"@type":"EntryPoint","urlTemplate":"https:\/\/restaurant-inselparadies.de\/?s={search_term_string}"},"query-input":{"@type":"PropertyValueSpecification","valueRequired":true,"valueName":"search_term_string"}}],"inLanguage":"en-GB"}]}},"_links":{"self":[{"href":"https:\/\/restaurant-inselparadies.de\/en\/wp-json\/wp\/v2\/pages\/43","targetHints":{"allow":["GET"]}}],"collection":[{"href":"https:\/\/restaurant-inselparadies.de\/en\/wp-json\/wp\/v2\/pages"}],"about":[{"href":"https:\/\/restaurant-inselparadies.de\/en\/wp-json\/wp\/v2\/types\/page"}],"author":[{"embeddable":true,"href":"https:\/\/restaurant-inselparadies.de\/en\/wp-json\/wp\/v2\/users\/1"}],"replies":[{"embeddable":true,"href":"https:\/\/restaurant-inselparadies.de\/en\/wp-json\/wp\/v2\/comments?post=43"}],"version-history":[{"count":10,"href":"https:\/\/restaurant-inselparadies.de\/en\/wp-json\/wp\/v2\/pages\/43\/revisions"}],"predecessor-version":[{"id":288,"href":"https:\/\/restaurant-inselparadies.de\/en\/wp-json\/wp\/v2\/pages\/43\/revisions\/288"}],"wp:attachment":[{"href":"https:\/\/restaurant-inselparadies.de\/en\/wp-json\/wp\/v2\/media?parent=43"}],"curies":[{"name":"wp","href":"https:\/\/api.w.org\/{rel}","templated":true}]}}