{"id":34,"date":"2025-12-01T16:38:49","date_gmt":"2025-12-01T15:38:49","guid":{"rendered":"https:\/\/restaurant-inselparadies.de\/kontakt\/"},"modified":"2025-12-01T17:11:04","modified_gmt":"2025-12-01T16:11:04","slug":"kontakt","status":"publish","type":"page","link":"https:\/\/restaurant-inselparadies.de\/en\/kontakt\/","title":{"rendered":"Contact"},"content":{"rendered":"<div data-elementor-type=\"wp-page\" data-elementor-id=\"34\" class=\"elementor elementor-34\" data-elementor-post-type=\"page\">\n\t\t\t\t<div class=\"elementor-element elementor-element-f45f2a1 e-flex e-con-boxed e-con e-parent\" data-id=\"f45f2a1\" data-element_type=\"container\">\n\t\t\t\t\t<div class=\"e-con-inner\">\n\t\t\t\t<div class=\"elementor-element elementor-element-103552aa elementor-widget elementor-widget-heading\" data-id=\"103552aa\" data-element_type=\"widget\" data-widget_type=\"heading.default\">\n\t\t\t\t\t<h2 class=\"elementor-heading-title elementor-size-default\">Contact and directions<\/h2>\t\t\t\t<\/div>\n\t\t\t\t<div class=\"elementor-element elementor-element-7e3d8dd8 elementor-widget elementor-widget-heading\" data-id=\"7e3d8dd8\" data-element_type=\"widget\" data-widget_type=\"heading.default\">\n\t\t\t\t\t<h2 class=\"elementor-heading-title elementor-size-default\">We look forward to your visit.<\/h2>\t\t\t\t<\/div>\n\t\t\t\t\t<\/div>\n\t\t\t\t<\/div>\n\t\t<div class=\"elementor-element elementor-element-7f63ad58 e-flex e-con-boxed e-con e-parent\" data-id=\"7f63ad58\" data-element_type=\"container\">\n\t\t\t\t\t<div class=\"e-con-inner\">\n\t\t<div class=\"elementor-element elementor-element-1432282 e-con-full e-flex e-con e-child\" data-id=\"1432282\" data-element_type=\"container\" data-settings=\"{&quot;background_background&quot;:&quot;classic&quot;}\">\n\t\t\t\t<div class=\"elementor-element elementor-element-11cdcbb6 elementor-widget elementor-widget-heading\" data-id=\"11cdcbb6\" data-element_type=\"widget\" data-widget_type=\"heading.default\">\n\t\t\t\t\t<h2 class=\"elementor-heading-title elementor-size-default\">HOW TO REACH US<\/h2>\t\t\t\t<\/div>\n\t\t\t\t<div class=\"elementor-element elementor-element-566f8066 elementor-icon-list--layout-traditional elementor-list-item-link-full_width elementor-widget elementor-widget-icon-list\" data-id=\"566f8066\" data-element_type=\"widget\" data-widget_type=\"icon-list.default\">\n\t\t\t\t\t\t\t<ul class=\"elementor-icon-list-items\">\n\t\t\t\t\t\t\t<li class=\"elementor-icon-list-item\">\n\t\t\t\t\t\t\t\t\t\t<span class=\"elementor-icon-list-text\">Poststra\u00dfe 2<br \/>39164 Wanzleben-B\u00f6rde<\/span>\n\t\t\t\t\t\t\t\t\t<\/li>\n\t\t\t\t\t\t\t\t<li class=\"elementor-icon-list-item\">\n\t\t\t\t\t\t\t\t\t\t\t<a href=\"tel:03920960722\">\n\n\t\t\t\t\t\t\t\t\t\t\t\t<span class=\"elementor-icon-list-icon\">\n\t\t\t\t\t\t\t<svg aria-hidden=\"true\" class=\"e-font-icon-svg e-fas-phone-alt\" viewbox=\"0 0 512 512\" xmlns=\"http:\/\/www.w3.org\/2000\/svg\"><path d=\"M497.39 361.8l-112-48a24 24 0 0 0-28 6.9l-49.6 60.6A370.66 370.66 0 0 1 130.6 204.11l60.6-49.6a23.94 23.94 0 0 0 6.9-28l-48-112A24.16 24.16 0 0 0 122.6.61l-104 24A24 24 0 0 0 0 48c0 256.5 207.9 464 464 464a24 24 0 0 0 23.4-18.6l24-104a24.29 24.29 0 0 0-14.01-27.6z\"><\/path><\/svg>\t\t\t\t\t\t<\/span>\n\t\t\t\t\t\t\t\t\t\t<span class=\"elementor-icon-list-text\">039209 60722<\/span>\n\t\t\t\t\t\t\t\t\t\t\t<\/a>\n\t\t\t\t\t\t\t\t\t<\/li>\n\t\t\t\t\t\t\t\t<li class=\"elementor-icon-list-item\">\n\t\t\t\t\t\t\t\t\t\t\t<a href=\"mailto:restaurant.inselparadies@gmail.com%20\">\n\n\t\t\t\t\t\t\t\t\t\t\t\t<span class=\"elementor-icon-list-icon\">\n\t\t\t\t\t\t\t<svg aria-hidden=\"true\" class=\"e-font-icon-svg e-fas-envelope\" viewbox=\"0 0 512 512\" xmlns=\"http:\/\/www.w3.org\/2000\/svg\"><path d=\"M502.3 190.8c3.9-3.1 9.7-.2 9.7 4.7V400c0 26.5-21.5 48-48 48H48c-26.5 0-48-21.5-48-48V195.6c0-5 5.7-7.8 9.7-4.7 22.4 17.4 52.1 39.5 154.1 113.6 21.1 15.4 56.7 47.8 92.2 47.6 35.7.3 72-32.8 92.3-47.6 102-74.1 131.6-96.3 154-113.7zM256 320c23.2.4 56.6-29.2 73.4-41.4 132.7-96.3 142.8-104.7 173.4-128.7 5.8-4.5 9.2-11.5 9.2-18.9v-19c0-26.5-21.5-48-48-48H48C21.5 64 0 85.5 0 112v19c0 7.4 3.4 14.3 9.2 18.9 30.6 23.9 40.7 32.4 173.4 128.7 16.8 12.2 50.2 41.8 73.4 41.4z\"><\/path><\/svg>\t\t\t\t\t\t<\/span>\n\t\t\t\t\t\t\t\t\t\t<span class=\"elementor-icon-list-text\">xinchao@restaurant-inselparadies.de<\/span>\n\t\t\t\t\t\t\t\t\t\t\t<\/a>\n\t\t\t\t\t\t\t\t\t<\/li>\n\t\t\t\t\t\t<\/ul>\n\t\t\t\t\t\t<\/div>\n\t\t\t\t<\/div>\n\t\t<div class=\"elementor-element elementor-element-63a72123 e-con-full e-flex e-con e-child\" data-id=\"63a72123\" data-element_type=\"container\" data-settings=\"{&quot;background_background&quot;:&quot;classic&quot;}\">\n\t\t\t\t<div class=\"elementor-element elementor-element-385d478a elementor-widget elementor-widget-heading\" data-id=\"385d478a\" data-element_type=\"widget\" data-widget_type=\"heading.default\">\n\t\t\t\t\t<h2 class=\"elementor-heading-title elementor-size-default\">OUR OPENING HOURS<\/h2>\t\t\t\t<\/div>\n\t\t\t\t<div class=\"elementor-element elementor-element-7f99337 elementor-icon-list--layout-traditional elementor-list-item-link-full_width elementor-widget elementor-widget-icon-list\" data-id=\"7f99337\" data-element_type=\"widget\" data-widget_type=\"icon-list.default\">\n\t\t\t\t\t\t\t<ul class=\"elementor-icon-list-items\">\n\t\t\t\t\t\t\t<li class=\"elementor-icon-list-item\">\n\t\t\t\t\t\t\t\t\t\t\t<span class=\"elementor-icon-list-icon\">\n\t\t\t\t\t\t\t<svg aria-hidden=\"true\" class=\"e-font-icon-svg e-far-clock\" viewbox=\"0 0 512 512\" xmlns=\"http:\/\/www.w3.org\/2000\/svg\"><path d=\"M256 8C119 8 8 119 8 256s111 248 248 248 248-111 248-248S393 8 256 8zm0 448c-110.5 0-200-89.5-200-200S145.5 56 256 56s200 89.5 200 200-89.5 200-200 200zm61.8-104.4l-84.9-61.7c-3.1-2.3-4.9-5.9-4.9-9.7V116c0-6.6 5.4-12 12-12h32c6.6 0 12 5.4 12 12v141.7l66.8 48.6c5.4 3.9 6.5 11.4 2.6 16.8L334.6 349c-3.9 5.3-11.4 6.5-16.8 2.6z\"><\/path><\/svg>\t\t\t\t\t\t<\/span>\n\t\t\t\t\t\t\t\t\t\t<span class=\"elementor-icon-list-text\"><b>Mondays:<\/b><br \/>Closed<\/span>\n\t\t\t\t\t\t\t\t\t<\/li>\n\t\t\t\t\t\t\t\t<li class=\"elementor-icon-list-item\">\n\t\t\t\t\t\t\t\t\t\t\t<span class=\"elementor-icon-list-icon\">\n\t\t\t\t\t\t\t<svg aria-hidden=\"true\" class=\"e-font-icon-svg e-far-clock\" viewbox=\"0 0 512 512\" xmlns=\"http:\/\/www.w3.org\/2000\/svg\"><path d=\"M256 8C119 8 8 119 8 256s111 248 248 248 248-111 248-248S393 8 256 8zm0 448c-110.5 0-200-89.5-200-200S145.5 56 256 56s200 89.5 200 200-89.5 200-200 200zm61.8-104.4l-84.9-61.7c-3.1-2.3-4.9-5.9-4.9-9.7V116c0-6.6 5.4-12 12-12h32c6.6 0 12 5.4 12 12v141.7l66.8 48.6c5.4 3.9 6.5 11.4 2.6 16.8L334.6 349c-3.9 5.3-11.4 6.5-16.8 2.6z\"><\/path><\/svg>\t\t\t\t\t\t<\/span>\n\t\t\t\t\t\t\t\t\t\t<span class=\"elementor-icon-list-text\"><b>Tuesday to Sunday:<\/b> <br \/>11:30 am \u2013 3:00 pm<br \/> 5:30 pm \u2013 10:00 pm <\/span>\n\t\t\t\t\t\t\t\t\t<\/li>\n\t\t\t\t\t\t<\/ul>\n\t\t\t\t\t\t<\/div>\n\t\t\t\t<\/div>\n\t\t<div class=\"elementor-element elementor-element-8d8fbf3 e-con-full e-flex e-con e-child\" data-id=\"8d8fbf3\" data-element_type=\"container\" data-settings=\"{&quot;background_background&quot;:&quot;classic&quot;}\">\n\t\t\t\t<div class=\"elementor-element elementor-element-98ccc03 elementor-widget elementor-widget-google_maps\" data-id=\"98ccc03\" data-element_type=\"widget\" data-widget_type=\"google_maps.default\">\n\t\t\t\t\t\t\t<div class=\"elementor-custom-embed\">\n\t\t\t<iframe loading=\"lazy\"\n\t\t\t\t\tsrc=\"https:\/\/maps.google.com\/maps?q=Poststra%C3%9Fe%202%2C%2039164%20Wanzleben-B%C3%B6rde&#038;t=m&#038;z=17&#038;output=embed&#038;iwloc=near\"\n\t\t\t\t\ttitle=\"Poststra\u00dfe 2, 39164 Wanzleben-B\u00f6rde\"\n\t\t\t\t\taria-label=\"Poststra\u00dfe 2, 39164 Wanzleben-B\u00f6rde\"\n\t\t\t><\/iframe>\n\t\t<\/div>\n\t\t\t\t\t\t<\/div>\n\t\t\t\t<\/div>\n\t\t\t\t\t<\/div>\n\t\t\t\t<\/div>\n\t\t<div class=\"elementor-element elementor-element-62c82fb8 e-flex e-con-boxed e-con e-parent\" data-id=\"62c82fb8\" data-element_type=\"container\">\n\t\t\t\t\t<div class=\"e-con-inner\">\n\t\t<div class=\"elementor-element elementor-element-68504512 e-con-full e-flex e-con e-child\" data-id=\"68504512\" data-element_type=\"container\" data-settings=\"{&quot;background_background&quot;:&quot;classic&quot;}\">\n\t\t\t\t<div class=\"elementor-element elementor-element-4a37d0f3 elementor-widget elementor-widget-heading\" data-id=\"4a37d0f3\" data-element_type=\"widget\" data-widget_type=\"heading.default\">\n\t\t\t\t\t<h2 class=\"elementor-heading-title elementor-size-default\">TABLE REQUEST<\/h2>\t\t\t\t<\/div>\n\t\t\t\t<div class=\"elementor-element elementor-element-65712a88 elementor-widget elementor-widget-text-editor\" data-id=\"65712a88\" data-element_type=\"widget\" data-widget_type=\"text-editor.default\">\n\t\t\t\t\t\t\t\t\t<p>Simply send us your preferred date via our table request form. We will get back to you quickly to confirm your reservation or suggest a suitable alternative.<\/p>\t\t\t\t\t\t\t\t<\/div>\n\t\t\t\t<div class=\"elementor-element elementor-element-43eb58c1 elementor-align-center elementor-widget elementor-widget-button\" data-id=\"43eb58c1\" data-element_type=\"widget\" data-widget_type=\"button.default\">\n\t\t\t\t\t\t\t\t\t\t<a class=\"elementor-button elementor-button-link elementor-size-sm\" href=\"https:\/\/restaurant-inselparadies.de\/en\/tisch-reservierung\/\">\n\t\t\t\t\t\t<span class=\"elementor-button-content-wrapper\">\n\t\t\t\t\t\t\t\t\t<span class=\"elementor-button-text\">REQUEST<\/span>\n\t\t\t\t\t<\/span>\n\t\t\t\t\t<\/a>\n\t\t\t\t\t\t\t\t<\/div>\n\t\t\t\t<\/div>\n\t\t<div class=\"elementor-element elementor-element-39718d38 e-con-full e-flex e-con e-child\" data-id=\"39718d38\" data-element_type=\"container\" data-settings=\"{&quot;background_background&quot;:&quot;classic&quot;}\">\n\t\t\t\t<div class=\"elementor-element elementor-element-10e08c91 elementor-widget elementor-widget-heading\" data-id=\"10e08c91\" data-element_type=\"widget\" data-widget_type=\"heading.default\">\n\t\t\t\t\t<h2 class=\"elementor-heading-title elementor-size-default\">GIFT VOUCHER REQUEST<\/h2>\t\t\t\t<\/div>\n\t\t\t\t<div class=\"elementor-element elementor-element-1a0f2bb3 elementor-widget elementor-widget-text-editor\" data-id=\"1a0f2bb3\" data-element_type=\"widget\" data-widget_type=\"text-editor.default\">\n\t\t\t\t\t\t\t\t\t<p>Give the gift of great taste and special moments.\nOur vouchers are created individually and can be picked up at the restaurant after a short confirmation.<\/p>\t\t\t\t\t\t\t\t<\/div>\n\t\t\t\t<div class=\"elementor-element elementor-element-38d9fd88 elementor-align-center elementor-widget elementor-widget-button\" data-id=\"38d9fd88\" data-element_type=\"widget\" data-widget_type=\"button.default\">\n\t\t\t\t\t\t\t\t\t\t<a class=\"elementor-button elementor-button-link elementor-size-sm\" href=\"https:\/\/restaurant-inselparadies.de\/en\/gutschein-anfrage\/\">\n\t\t\t\t\t\t<span class=\"elementor-button-content-wrapper\">\n\t\t\t\t\t\t\t\t\t<span class=\"elementor-button-text\">REQUEST<\/span>\n\t\t\t\t\t<\/span>\n\t\t\t\t\t<\/a>\n\t\t\t\t\t\t\t\t<\/div>\n\t\t\t\t<\/div>\n\t\t<div class=\"elementor-element elementor-element-5c188863 e-con-full e-flex e-con e-child\" data-id=\"5c188863\" data-element_type=\"container\" data-settings=\"{&quot;background_background&quot;:&quot;classic&quot;}\">\n\t\t\t\t<div class=\"elementor-element elementor-element-52927b64 elementor-widget elementor-widget-heading\" data-id=\"52927b64\" data-element_type=\"widget\" data-widget_type=\"heading.default\">\n\t\t\t\t\t<h2 class=\"elementor-heading-title elementor-size-default\">CATERING REQUEST<\/h2>\t\t\t\t<\/div>\n\t\t\t\t<div class=\"elementor-element elementor-element-7e096468 elementor-widget elementor-widget-text-editor\" data-id=\"7e096468\" data-element_type=\"widget\" data-widget_type=\"text-editor.default\">\n\t\t\t\t\t\t\t\t\t<p>Whether for family celebrations or business events \u2013 our Vietnamese catering is freshly prepared and ready for pickup.\nTell us your wishes and we will create a personalized offer.<\/p>\t\t\t\t\t\t\t\t<\/div>\n\t\t\t\t<div class=\"elementor-element elementor-element-6a2a16d3 elementor-align-center elementor-widget elementor-widget-button\" data-id=\"6a2a16d3\" data-element_type=\"widget\" data-widget_type=\"button.default\">\n\t\t\t\t\t\t\t\t\t\t<a class=\"elementor-button elementor-button-link elementor-size-sm\" href=\"https:\/\/restaurant-inselparadies.de\/en\/catering-anfrage\/\">\n\t\t\t\t\t\t<span class=\"elementor-button-content-wrapper\">\n\t\t\t\t\t\t\t\t\t<span class=\"elementor-button-text\">REQUEST<\/span>\n\t\t\t\t\t<\/span>\n\t\t\t\t\t<\/a>\n\t\t\t\t\t\t\t\t<\/div>\n\t\t\t\t<\/div>\n\t\t\t\t\t<\/div>\n\t\t\t\t<\/div>\n\t\t\t\t<\/div>","protected":false},"excerpt":{"rendered":"<p>Kontakt &amp; Anfahrt Wir freuen uns auf Ihren Besuch So erreichen Sie uns Poststra\u00dfe 239164 Wanzleben-B\u00f6rde 039209 60722 xinchao@restaurant-inselparadies.de Unsere Zeiten Montags:Ruhetag Dienstag bis Sonntag: 11.30 Uhr bis 15.00 Uhr 17.30 Uhr bis 22.00 Uhr Tisch anfragen Senden Sie uns Ihren Wunschtermin ganz einfach ueber unsere Tischanfrage. Wir melden uns schnell zurueck und bestaetigen Ihre [&hellip;]<\/p>","protected":false},"author":1,"featured_media":0,"parent":0,"menu_order":0,"comment_status":"closed","ping_status":"closed","template":"elementor_header_footer","meta":{"footnotes":""},"class_list":["post-34","page","type-page","status-publish","hentry"],"yoast_head":"<!-- This site is optimized with the Yoast SEO plugin v26.6 - https:\/\/yoast.com\/wordpress\/plugins\/seo\/ -->\n<title>Kontakt - Inselparadies - Asiatische Spezialit\u00e4ten<\/title>\n<meta name=\"robots\" content=\"index, follow, max-snippet:-1, max-image-preview:large, max-video-preview:-1\" \/>\n<link rel=\"canonical\" href=\"https:\/\/restaurant-inselparadies.de\/en\/kontakt\/\" \/>\n<meta property=\"og:locale\" content=\"en_GB\" \/>\n<meta property=\"og:type\" content=\"article\" \/>\n<meta property=\"og:title\" content=\"Kontakt - Inselparadies - Asiatische Spezialit\u00e4ten\" \/>\n<meta property=\"og:description\" content=\"Kontakt &amp; Anfahrt Wir freuen uns auf Ihren Besuch So erreichen Sie uns Poststra\u00dfe 239164 Wanzleben-B\u00f6rde 039209 60722 xinchao@restaurant-inselparadies.de Unsere Zeiten Montags:Ruhetag Dienstag bis Sonntag: 11.30 Uhr bis 15.00 Uhr 17.30 Uhr bis 22.00 Uhr Tisch anfragen Senden Sie uns Ihren Wunschtermin ganz einfach ueber unsere Tischanfrage. Wir melden uns schnell zurueck und bestaetigen Ihre [&hellip;]\" \/>\n<meta property=\"og:url\" content=\"https:\/\/restaurant-inselparadies.de\/en\/kontakt\/\" \/>\n<meta property=\"og:site_name\" content=\"Inselparadies - Asiatische Spezialit\u00e4ten\" \/>\n<meta property=\"article:modified_time\" content=\"2025-12-01T16:11:04+00:00\" \/>\n<meta name=\"twitter:card\" content=\"summary_large_image\" \/>\n<meta name=\"twitter:label1\" content=\"Estimated reading time\" \/>\n\t<meta name=\"twitter:data1\" content=\"1 minute\" \/>\n<script type=\"application\/ld+json\" class=\"yoast-schema-graph\">{\"@context\":\"https:\/\/schema.org\",\"@graph\":[{\"@type\":\"WebPage\",\"@id\":\"https:\/\/restaurant-inselparadies.de\/kontakt\/\",\"url\":\"https:\/\/restaurant-inselparadies.de\/kontakt\/\",\"name\":\"Kontakt - Inselparadies - Asiatische Spezialit\u00e4ten\",\"isPartOf\":{\"@id\":\"https:\/\/restaurant-inselparadies.de\/#website\"},\"datePublished\":\"2025-12-01T15:38:49+00:00\",\"dateModified\":\"2025-12-01T16:11:04+00:00\",\"breadcrumb\":{\"@id\":\"https:\/\/restaurant-inselparadies.de\/kontakt\/#breadcrumb\"},\"inLanguage\":\"en-GB\",\"potentialAction\":[{\"@type\":\"ReadAction\",\"target\":[\"https:\/\/restaurant-inselparadies.de\/kontakt\/\"]}]},{\"@type\":\"BreadcrumbList\",\"@id\":\"https:\/\/restaurant-inselparadies.de\/kontakt\/#breadcrumb\",\"itemListElement\":[{\"@type\":\"ListItem\",\"position\":1,\"name\":\"Startseite\",\"item\":\"https:\/\/restaurant-inselparadies.de\/\"},{\"@type\":\"ListItem\",\"position\":2,\"name\":\"Kontakt\"}]},{\"@type\":\"WebSite\",\"@id\":\"https:\/\/restaurant-inselparadies.de\/#website\",\"url\":\"https:\/\/restaurant-inselparadies.de\/\",\"name\":\"Inselparadies - Asiatische Spezialit\u00e4ten\",\"description\":\"Authentische K\u00fcche. Frisch zubereitet.\",\"potentialAction\":[{\"@type\":\"SearchAction\",\"target\":{\"@type\":\"EntryPoint\",\"urlTemplate\":\"https:\/\/restaurant-inselparadies.de\/?s={search_term_string}\"},\"query-input\":{\"@type\":\"PropertyValueSpecification\",\"valueRequired\":true,\"valueName\":\"search_term_string\"}}],\"inLanguage\":\"en-GB\"}]}<\/script>\n<!-- \/ Yoast SEO plugin. -->","yoast_head_json":{"title":"Kontakt - Inselparadies - Asiatische Spezialit\u00e4ten","robots":{"index":"index","follow":"follow","max-snippet":"max-snippet:-1","max-image-preview":"max-image-preview:large","max-video-preview":"max-video-preview:-1"},"canonical":"https:\/\/restaurant-inselparadies.de\/en\/kontakt\/","og_locale":"en_GB","og_type":"article","og_title":"Kontakt - Inselparadies - Asiatische Spezialit\u00e4ten","og_description":"Kontakt &amp; Anfahrt Wir freuen uns auf Ihren Besuch So erreichen Sie uns Poststra\u00dfe 239164 Wanzleben-B\u00f6rde 039209 60722 xinchao@restaurant-inselparadies.de Unsere Zeiten Montags:Ruhetag Dienstag bis Sonntag: 11.30 Uhr bis 15.00 Uhr 17.30 Uhr bis 22.00 Uhr Tisch anfragen Senden Sie uns Ihren Wunschtermin ganz einfach ueber unsere Tischanfrage. Wir melden uns schnell zurueck und bestaetigen Ihre [&hellip;]","og_url":"https:\/\/restaurant-inselparadies.de\/en\/kontakt\/","og_site_name":"Inselparadies - Asiatische Spezialit\u00e4ten","article_modified_time":"2025-12-01T16:11:04+00:00","twitter_card":"summary_large_image","twitter_misc":{"Estimated reading time":"1 minute"},"schema":{"@context":"https:\/\/schema.org","@graph":[{"@type":"WebPage","@id":"https:\/\/restaurant-inselparadies.de\/kontakt\/","url":"https:\/\/restaurant-inselparadies.de\/kontakt\/","name":"Kontakt - Inselparadies - Asiatische Spezialit\u00e4ten","isPartOf":{"@id":"https:\/\/restaurant-inselparadies.de\/#website"},"datePublished":"2025-12-01T15:38:49+00:00","dateModified":"2025-12-01T16:11:04+00:00","breadcrumb":{"@id":"https:\/\/restaurant-inselparadies.de\/kontakt\/#breadcrumb"},"inLanguage":"en-GB","potentialAction":[{"@type":"ReadAction","target":["https:\/\/restaurant-inselparadies.de\/kontakt\/"]}]},{"@type":"BreadcrumbList","@id":"https:\/\/restaurant-inselparadies.de\/kontakt\/#breadcrumb","itemListElement":[{"@type":"ListItem","position":1,"name":"Startseite","item":"https:\/\/restaurant-inselparadies.de\/"},{"@type":"ListItem","position":2,"name":"Kontakt"}]},{"@type":"WebSite","@id":"https:\/\/restaurant-inselparadies.de\/#website","url":"https:\/\/restaurant-inselparadies.de\/","name":"Inselparadies - Asiatische Spezialit\u00e4ten","description":"Authentic cuisine. Freshly prepared.","potentialAction":[{"@type":"SearchAction","target":{"@type":"EntryPoint","urlTemplate":"https:\/\/restaurant-inselparadies.de\/?s={search_term_string}"},"query-input":{"@type":"PropertyValueSpecification","valueRequired":true,"valueName":"search_term_string"}}],"inLanguage":"en-GB"}]}},"_links":{"self":[{"href":"https:\/\/restaurant-inselparadies.de\/en\/wp-json\/wp\/v2\/pages\/34","targetHints":{"allow":["GET"]}}],"collection":[{"href":"https:\/\/restaurant-inselparadies.de\/en\/wp-json\/wp\/v2\/pages"}],"about":[{"href":"https:\/\/restaurant-inselparadies.de\/en\/wp-json\/wp\/v2\/types\/page"}],"author":[{"embeddable":true,"href":"https:\/\/restaurant-inselparadies.de\/en\/wp-json\/wp\/v2\/users\/1"}],"replies":[{"embeddable":true,"href":"https:\/\/restaurant-inselparadies.de\/en\/wp-json\/wp\/v2\/comments?post=34"}],"version-history":[{"count":7,"href":"https:\/\/restaurant-inselparadies.de\/en\/wp-json\/wp\/v2\/pages\/34\/revisions"}],"predecessor-version":[{"id":105,"href":"https:\/\/restaurant-inselparadies.de\/en\/wp-json\/wp\/v2\/pages\/34\/revisions\/105"}],"wp:attachment":[{"href":"https:\/\/restaurant-inselparadies.de\/en\/wp-json\/wp\/v2\/media?parent=34"}],"curies":[{"name":"wp","href":"https:\/\/api.w.org\/{rel}","templated":true}]}}