{"id":16,"date":"2025-12-01T16:36:47","date_gmt":"2025-12-01T15:36:47","guid":{"rendered":"https:\/\/restaurant-inselparadies.de\/accessibility-statement\/"},"modified":"2025-12-01T16:37:47","modified_gmt":"2025-12-01T15:37:47","slug":"accessibility-statement","status":"publish","type":"page","link":"https:\/\/restaurant-inselparadies.de\/en\/accessibility-statement\/","title":{"rendered":"Accessibility statement"},"content":{"rendered":"<h3 class=\"wp-block-heading has-text-align-center\">Barrierefreiheitserkl\u00e4rung f\u00fcr https:\/\/restaurant-inselparadies.de\/<\/h3>\r\n\r\n\r\n\r\n<p><strong>Inselparadies <\/strong> setzt sich daf\u00fcr ein, die digitale Zug\u00e4nglichkeit f\u00fcr Menschen mit Behinderungen zu gew\u00e4hrleisten. Wir verbessern st\u00e4ndig die Benutzerfreundlichkeit f\u00fcr alle und wenden die einschl\u00e4gigen Barrierefreiheits-Standards an.<\/p>\r\n\r\n\r\n\r\n<h3 class=\"wp-block-heading\">Status der Konformit\u00e4t<\/h3>\r\n<p>&nbsp;<\/p>\r\n\r\n\r\n\r\n<p>Die Web Content Accessibility Guidelines (WCAG) definieren Anforderungen an Designer und Entwickler, um die Zug\u00e4nglichkeit f\u00fcr Menschen mit Behinderungen zu verbessern. Sie definieren drei Stufen der Konformit\u00e4t: Stufe A, Stufe AA und Stufe AAA.<\/p>\r\n\r\n\r\n\r\n<p><strong>Inselparadies <\/strong> bem\u00fcht sich st\u00e4ndig um die Verbesserung der Zug\u00e4nglichkeit seiner Website und seiner Dienste in der \u00dcberzeugung, dass es unsere kollektive moralische Verpflichtung ist, eine nahtlose, zug\u00e4ngliche und ungehinderte Nutzung f\u00fcr Menschen mit Behinderungen zu erm\u00f6glichen.<\/p>\r\n\r\n\r\n\r\n<p>Wir sind bestrebt, alle Seiten und Inhalte auf <strong>https:\/\/restaurant-inselparadies.de\/<\/strong> zug\u00e4nglich zu machen, aber es kann sein, dass einige Inhalte noch nicht vollst\u00e4ndig den h\u00f6chsten Barrierefreiheit-Standards entsprechen. Dies k\u00f6nnte darauf zur\u00fcckzuf\u00fchren sein, dass es schwierig ist, die am besten geeignete technische L\u00f6sung zu finden.<\/p>\r\n\r\n\r\n\r\n<p>Wir k\u00f6nnen diese Erkl\u00e4rung von Zeit zu Zeit \u00fcberarbeiten, um Verbesserungen oder \u00c4nderungen an unseren Barrierefreiheitspraktiken zu ber\u00fccksichtigen.<\/p>\r\n\r\n\r\n\r\n<h3 class=\"wp-block-heading\">Feedback<\/h3>\r\n<p>&nbsp;<\/p>\r\n\r\n\r\n\r\n<p>Wir freuen uns \u00fcber dein Feedback zur Barrierefreiheit der <strong>Inselparadies <\/strong>-Website. Bitte teile uns mit, wenn du auf unserer Website auf Zug\u00e4nglichkeitsbarrieren st\u00f6\u00dft:<\/p>\r\n\r\n\r\n\r\n<p>E-Mail: <strong>restaurant.inselparadies@gmail.com<\/strong><\/p>\r\n\r\n\r\n\r\n<p>Wir versuchen, innerhalb von 3-5 Werktagen auf R\u00fcckmeldungen zu reagieren.<\/p>\r\n\r\n\r\n\r\n<p>Diese Erkl\u00e4rung wurde am 1.12.2025 erstellt.<\/p>","protected":false},"excerpt":{"rendered":"<p>Barrierefreiheitserkl\u00e4rung f\u00fcr https:\/\/restaurant-inselparadies.de\/ Inselparadies setzt sich daf\u00fcr ein, die digitale Zug\u00e4nglichkeit f\u00fcr Menschen mit Behinderungen zu gew\u00e4hrleisten. Wir verbessern st\u00e4ndig die Benutzerfreundlichkeit f\u00fcr alle und wenden die einschl\u00e4gigen Barrierefreiheits-Standards an. Status der Konformit\u00e4t &nbsp; Die Web Content Accessibility Guidelines (WCAG) definieren Anforderungen an Designer und Entwickler, um die Zug\u00e4nglichkeit f\u00fcr Menschen mit Behinderungen zu verbessern. [&hellip;]<\/p>","protected":false},"author":1,"featured_media":0,"parent":0,"menu_order":0,"comment_status":"closed","ping_status":"closed","template":"","meta":{"footnotes":""},"class_list":["post-16","page","type-page","status-publish","hentry"],"yoast_head":"<!-- This site is optimized with the Yoast SEO plugin v26.6 - https:\/\/yoast.com\/wordpress\/plugins\/seo\/ -->\n<title>Accessibility statement - Inselparadies - Asiatische Spezialit\u00e4ten<\/title>\n<meta name=\"robots\" content=\"index, follow, max-snippet:-1, max-image-preview:large, max-video-preview:-1\" \/>\n<link rel=\"canonical\" href=\"https:\/\/restaurant-inselparadies.de\/en\/accessibility-statement\/\" \/>\n<meta property=\"og:locale\" content=\"en_GB\" \/>\n<meta property=\"og:type\" content=\"article\" \/>\n<meta property=\"og:title\" content=\"Accessibility statement - Inselparadies - Asiatische Spezialit\u00e4ten\" \/>\n<meta property=\"og:description\" content=\"Barrierefreiheitserkl\u00e4rung f\u00fcr https:\/\/restaurant-inselparadies.de\/ Inselparadies setzt sich daf\u00fcr ein, die digitale Zug\u00e4nglichkeit f\u00fcr Menschen mit Behinderungen zu gew\u00e4hrleisten. Wir verbessern st\u00e4ndig die Benutzerfreundlichkeit f\u00fcr alle und wenden die einschl\u00e4gigen Barrierefreiheits-Standards an. Status der Konformit\u00e4t &nbsp; Die Web Content Accessibility Guidelines (WCAG) definieren Anforderungen an Designer und Entwickler, um die Zug\u00e4nglichkeit f\u00fcr Menschen mit Behinderungen zu verbessern. [&hellip;]\" \/>\n<meta property=\"og:url\" content=\"https:\/\/restaurant-inselparadies.de\/en\/accessibility-statement\/\" \/>\n<meta property=\"og:site_name\" content=\"Inselparadies - Asiatische Spezialit\u00e4ten\" \/>\n<meta property=\"article:modified_time\" content=\"2025-12-01T15:37:47+00:00\" \/>\n<meta name=\"twitter:card\" content=\"summary_large_image\" \/>\n<meta name=\"twitter:label1\" content=\"Estimated reading time\" \/>\n\t<meta name=\"twitter:data1\" content=\"1 minute\" \/>\n<script type=\"application\/ld+json\" class=\"yoast-schema-graph\">{\"@context\":\"https:\/\/schema.org\",\"@graph\":[{\"@type\":\"WebPage\",\"@id\":\"https:\/\/restaurant-inselparadies.de\/accessibility-statement\/\",\"url\":\"https:\/\/restaurant-inselparadies.de\/accessibility-statement\/\",\"name\":\"Accessibility statement - Inselparadies - Asiatische Spezialit\u00e4ten\",\"isPartOf\":{\"@id\":\"https:\/\/restaurant-inselparadies.de\/#website\"},\"datePublished\":\"2025-12-01T15:36:47+00:00\",\"dateModified\":\"2025-12-01T15:37:47+00:00\",\"breadcrumb\":{\"@id\":\"https:\/\/restaurant-inselparadies.de\/accessibility-statement\/#breadcrumb\"},\"inLanguage\":\"en-GB\",\"potentialAction\":[{\"@type\":\"ReadAction\",\"target\":[\"https:\/\/restaurant-inselparadies.de\/accessibility-statement\/\"]}]},{\"@type\":\"BreadcrumbList\",\"@id\":\"https:\/\/restaurant-inselparadies.de\/accessibility-statement\/#breadcrumb\",\"itemListElement\":[{\"@type\":\"ListItem\",\"position\":1,\"name\":\"Startseite\",\"item\":\"https:\/\/restaurant-inselparadies.de\/\"},{\"@type\":\"ListItem\",\"position\":2,\"name\":\"Accessibility statement\"}]},{\"@type\":\"WebSite\",\"@id\":\"https:\/\/restaurant-inselparadies.de\/#website\",\"url\":\"https:\/\/restaurant-inselparadies.de\/\",\"name\":\"Inselparadies - Asiatische Spezialit\u00e4ten\",\"description\":\"Authentische K\u00fcche. Frisch zubereitet.\",\"potentialAction\":[{\"@type\":\"SearchAction\",\"target\":{\"@type\":\"EntryPoint\",\"urlTemplate\":\"https:\/\/restaurant-inselparadies.de\/?s={search_term_string}\"},\"query-input\":{\"@type\":\"PropertyValueSpecification\",\"valueRequired\":true,\"valueName\":\"search_term_string\"}}],\"inLanguage\":\"en-GB\"}]}<\/script>\n<!-- \/ Yoast SEO plugin. -->","yoast_head_json":{"title":"Accessibility statement - Inselparadies - Asiatische Spezialit\u00e4ten","robots":{"index":"index","follow":"follow","max-snippet":"max-snippet:-1","max-image-preview":"max-image-preview:large","max-video-preview":"max-video-preview:-1"},"canonical":"https:\/\/restaurant-inselparadies.de\/en\/accessibility-statement\/","og_locale":"en_GB","og_type":"article","og_title":"Accessibility statement - Inselparadies - Asiatische Spezialit\u00e4ten","og_description":"Barrierefreiheitserkl\u00e4rung f\u00fcr https:\/\/restaurant-inselparadies.de\/ Inselparadies setzt sich daf\u00fcr ein, die digitale Zug\u00e4nglichkeit f\u00fcr Menschen mit Behinderungen zu gew\u00e4hrleisten. Wir verbessern st\u00e4ndig die Benutzerfreundlichkeit f\u00fcr alle und wenden die einschl\u00e4gigen Barrierefreiheits-Standards an. Status der Konformit\u00e4t &nbsp; Die Web Content Accessibility Guidelines (WCAG) definieren Anforderungen an Designer und Entwickler, um die Zug\u00e4nglichkeit f\u00fcr Menschen mit Behinderungen zu verbessern. [&hellip;]","og_url":"https:\/\/restaurant-inselparadies.de\/en\/accessibility-statement\/","og_site_name":"Inselparadies - Asiatische Spezialit\u00e4ten","article_modified_time":"2025-12-01T15:37:47+00:00","twitter_card":"summary_large_image","twitter_misc":{"Estimated reading time":"1 minute"},"schema":{"@context":"https:\/\/schema.org","@graph":[{"@type":"WebPage","@id":"https:\/\/restaurant-inselparadies.de\/accessibility-statement\/","url":"https:\/\/restaurant-inselparadies.de\/accessibility-statement\/","name":"Accessibility statement - Inselparadies - Asiatische Spezialit\u00e4ten","isPartOf":{"@id":"https:\/\/restaurant-inselparadies.de\/#website"},"datePublished":"2025-12-01T15:36:47+00:00","dateModified":"2025-12-01T15:37:47+00:00","breadcrumb":{"@id":"https:\/\/restaurant-inselparadies.de\/accessibility-statement\/#breadcrumb"},"inLanguage":"en-GB","potentialAction":[{"@type":"ReadAction","target":["https:\/\/restaurant-inselparadies.de\/accessibility-statement\/"]}]},{"@type":"BreadcrumbList","@id":"https:\/\/restaurant-inselparadies.de\/accessibility-statement\/#breadcrumb","itemListElement":[{"@type":"ListItem","position":1,"name":"Startseite","item":"https:\/\/restaurant-inselparadies.de\/"},{"@type":"ListItem","position":2,"name":"Accessibility statement"}]},{"@type":"WebSite","@id":"https:\/\/restaurant-inselparadies.de\/#website","url":"https:\/\/restaurant-inselparadies.de\/","name":"Inselparadies - Asiatische Spezialit\u00e4ten","description":"Authentic cuisine. Freshly prepared.","potentialAction":[{"@type":"SearchAction","target":{"@type":"EntryPoint","urlTemplate":"https:\/\/restaurant-inselparadies.de\/?s={search_term_string}"},"query-input":{"@type":"PropertyValueSpecification","valueRequired":true,"valueName":"search_term_string"}}],"inLanguage":"en-GB"}]}},"_links":{"self":[{"href":"https:\/\/restaurant-inselparadies.de\/en\/wp-json\/wp\/v2\/pages\/16","targetHints":{"allow":["GET"]}}],"collection":[{"href":"https:\/\/restaurant-inselparadies.de\/en\/wp-json\/wp\/v2\/pages"}],"about":[{"href":"https:\/\/restaurant-inselparadies.de\/en\/wp-json\/wp\/v2\/types\/page"}],"author":[{"embeddable":true,"href":"https:\/\/restaurant-inselparadies.de\/en\/wp-json\/wp\/v2\/users\/1"}],"replies":[{"embeddable":true,"href":"https:\/\/restaurant-inselparadies.de\/en\/wp-json\/wp\/v2\/comments?post=16"}],"version-history":[{"count":1,"href":"https:\/\/restaurant-inselparadies.de\/en\/wp-json\/wp\/v2\/pages\/16\/revisions"}],"predecessor-version":[{"id":17,"href":"https:\/\/restaurant-inselparadies.de\/en\/wp-json\/wp\/v2\/pages\/16\/revisions\/17"}],"wp:attachment":[{"href":"https:\/\/restaurant-inselparadies.de\/en\/wp-json\/wp\/v2\/media?parent=16"}],"curies":[{"name":"wp","href":"https:\/\/api.w.org\/{rel}","templated":true}]}}