{"id":130,"date":"2025-12-01T17:39:59","date_gmt":"2025-12-01T16:39:59","guid":{"rendered":"https:\/\/restaurant-inselparadies.de\/?page_id=130"},"modified":"2025-12-02T08:52:20","modified_gmt":"2025-12-02T07:52:20","slug":"impressum","status":"publish","type":"page","link":"https:\/\/restaurant-inselparadies.de\/en\/impressum\/","title":{"rendered":"Legal Notice"},"content":{"rendered":"<div data-elementor-type=\"wp-page\" data-elementor-id=\"130\" class=\"elementor elementor-130\" data-elementor-post-type=\"page\">\n\t\t\t\t<div class=\"elementor-element elementor-element-2c4c7ffe e-flex e-con-boxed e-con e-parent\" data-id=\"2c4c7ffe\" data-element_type=\"container\">\n\t\t\t\t\t<div class=\"e-con-inner\">\n\t\t\t\t<div class=\"elementor-element elementor-element-3d0d9fb8 elementor-widget elementor-widget-heading\" data-id=\"3d0d9fb8\" data-element_type=\"widget\" data-widget_type=\"heading.default\">\n\t\t\t\t\t<h2 class=\"elementor-heading-title elementor-size-default\">Legal Notice<\/h2>\t\t\t\t<\/div>\n\t\t\t\t\t<\/div>\n\t\t\t\t<\/div>\n\t\t<div class=\"elementor-element elementor-element-23b8d319 e-flex e-con-boxed e-con e-parent\" data-id=\"23b8d319\" data-element_type=\"container\">\n\t\t\t\t\t<div class=\"e-con-inner\">\n\t\t<div class=\"elementor-element elementor-element-2dddee95 e-con-full e-flex e-con e-child\" data-id=\"2dddee95\" data-element_type=\"container\" data-settings=\"{&quot;background_background&quot;:&quot;classic&quot;}\">\n\t\t\t\t<div class=\"elementor-element elementor-element-8c80e01 elementor-widget elementor-widget-text-editor\" data-id=\"8c80e01\" data-element_type=\"widget\" data-widget_type=\"text-editor.default\">\n\t\t\t\t\t\t\t\t\t<h4>WEBSEITENBETREIBER<\/h4>\nLe Xuan Hoang\n\n<h4>INFORMATIONEN \u00dcBER DAS UNTERNEHMEN<\/h4>\nPoststra\u00dfe 2<br\/>\n39164 Wanzleben-B\u00f6rde<br\/>\n\n<h4>KONTAKT<\/h4>\nTelefon: 039209 60722<br\/>\nE-Mail: xinchao@restaurant-inselparadies.de<br\/>\n\n<h4>VERANTWORTLICH F\u00dcR DEN INHALT<\/h4>\nXuan Hoang Le\n\n<h4>EU-STREITSCHLICHTUNG<\/h4>\nDie Europ\u00e4ische Kommission stellt eine Plattform zur Online-Streitbeilegung (OS) bereit:  \nhttps:\/\/ec.europa.eu\/consumers\/odr  \nUnsere E-Mail-Adresse finden Sie oben im Impressum.\n\n<h4>VERBRAUCHER\u00adSTREIT\u00adBEILEGUNG \/ UNIVERSAL\u00adSCHLICHTUNGS\u00adSTELLE<\/h4>\nWir sind nicht verpflichtet, an Streitbeilegungsverfahren vor einer Verbraucherschlichtungsstelle teilzunehmen.\n\n<h4>HAFTUNG F\u00dcR INHALTE<\/h4>\nAls Diensteanbieter sind wir gem\u00e4\u00df \u00a7 7 Abs.1 TMG f\u00fcr eigene Inhalte auf diesen Seiten nach den allgemeinen Gesetzen verantwortlich. Nach \u00a7\u00a7 8 bis 10 TMG sind wir als Diensteanbieter jedoch nicht verpflichtet, \u00fcbermittelte oder gespeicherte fremde Informationen zu \u00fcberwachen oder nach Umst\u00e4nden zu forschen, die auf eine rechtswidrige T\u00e4tigkeit hinweisen.  \nVerpflichtungen zur Entfernung oder Sperrung der Nutzung von Informationen nach den allgemeinen Gesetzen bleiben hiervon unber\u00fchrt. Eine diesbez\u00fcgliche Haftung ist jedoch erst ab dem Zeitpunkt der Kenntnis einer konkreten Rechtsverletzung m\u00f6glich. Bei Bekanntwerden von entsprechenden Rechtsverletzungen werden wir diese Inhalte umgehend entfernen.\n\n<h4>HAFTUNG F\u00dcR LINKS<\/h4>\nUnser Angebot enth\u00e4lt Links zu externen Websites Dritter, auf deren Inhalte wir keinen Einfluss haben. Deshalb k\u00f6nnen wir f\u00fcr diese fremden Inhalte auch keine Gew\u00e4hr \u00fcbernehmen. F\u00fcr die Inhalte der verlinkten Seiten ist stets der jeweilige Anbieter oder Betreiber der Seiten verantwortlich. Die verlinkten Seiten wurden zum Zeitpunkt der Verlinkung auf m\u00f6gliche Rechtsverst\u00f6\u00dfe \u00fcberpr\u00fcft. Rechtswidrige Inhalte waren zum Zeitpunkt der Verlinkung nicht erkennbar.  \nEine permanente inhaltliche Kontrolle der verlinkten Seiten ist jedoch ohne konkrete Anhaltspunkte einer Rechtsverletzung nicht zumutbar. Bei Bekanntwerden von Rechtsverletzungen werden wir derartige Links umgehend entfernen.\n\n<h4>URHEBERRECHT<\/h4>\nDie durch die Seitenbetreiber erstellten Inhalte und Werke auf diesen Seiten unterliegen dem deutschen Urheberrecht. Die Vervielf\u00e4ltigung, Bearbeitung, Verbreitung und jede Art der Verwertung au\u00dferhalb der Grenzen des Urheberrechtes bed\u00fcrfen der schriftlichen Zustimmung des jeweiligen Autors bzw. Erstellers. Downloads und Kopien dieser Seite sind nur f\u00fcr den privaten, nicht kommerziellen Gebrauch gestattet.  \nSoweit die Inhalte auf dieser Seite nicht vom Betreiber erstellt wurden, werden die Urheberrechte Dritter beachtet. Insbesondere werden Inhalte Dritter als solche gekennzeichnet. Sollten Sie trotzdem auf eine Urheberrechtsverletzung aufmerksam werden, bitten wir um einen entsprechenden Hinweis. Bei Bekanntwerden von Rechtsverletzungen werden wir derartige Inhalte umgehend entfernen.\n\t\t\t\t\t\t\t\t<\/div>\n\t\t\t\t<\/div>\n\t\t\t\t\t<\/div>\n\t\t\t\t<\/div>\n\t\t\t\t<\/div>","protected":false},"excerpt":{"rendered":"<p>Impressum WEBSEITENBETREIBER Le Xuan Hoang INFORMATIONEN \u00dcBER DAS UNTERNEHMEN Poststra\u00dfe 2 39164 Wanzleben-B\u00f6rde KONTAKT Telefon: 039209 60722 E-Mail: xinchao@restaurant-inselparadies.de VERANTWORTLICH F\u00dcR DEN INHALT Xuan Hoang Le EU-STREITSCHLICHTUNG Die Europ\u00e4ische Kommission stellt eine Plattform zur Online-Streitbeilegung (OS) bereit: https:\/\/ec.europa.eu\/consumers\/odr Unsere E-Mail-Adresse finden Sie oben im Impressum. VERBRAUCHER\u00adSTREIT\u00adBEILEGUNG \/ UNIVERSAL\u00adSCHLICHTUNGS\u00adSTELLE Wir sind nicht verpflichtet, an Streitbeilegungsverfahren vor [&hellip;]<\/p>","protected":false},"author":1,"featured_media":0,"parent":0,"menu_order":0,"comment_status":"closed","ping_status":"closed","template":"elementor_header_footer","meta":{"footnotes":""},"class_list":["post-130","page","type-page","status-publish","hentry"],"yoast_head":"<!-- This site is optimized with the Yoast SEO plugin v26.6 - https:\/\/yoast.com\/wordpress\/plugins\/seo\/ -->\n<title>Impressum - Inselparadies - Asiatische Spezialit\u00e4ten<\/title>\n<meta name=\"robots\" content=\"index, follow, max-snippet:-1, max-image-preview:large, max-video-preview:-1\" \/>\n<link rel=\"canonical\" href=\"https:\/\/restaurant-inselparadies.de\/en\/impressum\/\" \/>\n<meta property=\"og:locale\" content=\"en_GB\" \/>\n<meta property=\"og:type\" content=\"article\" \/>\n<meta property=\"og:title\" content=\"Impressum - Inselparadies - Asiatische Spezialit\u00e4ten\" \/>\n<meta property=\"og:description\" content=\"Impressum WEBSEITENBETREIBER Le Xuan Hoang INFORMATIONEN \u00dcBER DAS UNTERNEHMEN Poststra\u00dfe 2 39164 Wanzleben-B\u00f6rde KONTAKT Telefon: 039209 60722 E-Mail: xinchao@restaurant-inselparadies.de VERANTWORTLICH F\u00dcR DEN INHALT Xuan Hoang Le EU-STREITSCHLICHTUNG Die Europ\u00e4ische Kommission stellt eine Plattform zur Online-Streitbeilegung (OS) bereit: https:\/\/ec.europa.eu\/consumers\/odr Unsere E-Mail-Adresse finden Sie oben im Impressum. VERBRAUCHER\u00adSTREIT\u00adBEILEGUNG \/ UNIVERSAL\u00adSCHLICHTUNGS\u00adSTELLE Wir sind nicht verpflichtet, an Streitbeilegungsverfahren vor [&hellip;]\" \/>\n<meta property=\"og:url\" content=\"https:\/\/restaurant-inselparadies.de\/en\/impressum\/\" \/>\n<meta property=\"og:site_name\" content=\"Inselparadies - Asiatische Spezialit\u00e4ten\" \/>\n<meta property=\"article:modified_time\" content=\"2025-12-02T07:52:20+00:00\" \/>\n<meta name=\"twitter:card\" content=\"summary_large_image\" \/>\n<meta name=\"twitter:label1\" content=\"Estimated reading time\" \/>\n\t<meta name=\"twitter:data1\" content=\"2 minutes\" \/>\n<script type=\"application\/ld+json\" class=\"yoast-schema-graph\">{\"@context\":\"https:\/\/schema.org\",\"@graph\":[{\"@type\":\"WebPage\",\"@id\":\"https:\/\/restaurant-inselparadies.de\/impressum\/\",\"url\":\"https:\/\/restaurant-inselparadies.de\/impressum\/\",\"name\":\"Impressum - Inselparadies - Asiatische Spezialit\u00e4ten\",\"isPartOf\":{\"@id\":\"https:\/\/restaurant-inselparadies.de\/#website\"},\"datePublished\":\"2025-12-01T16:39:59+00:00\",\"dateModified\":\"2025-12-02T07:52:20+00:00\",\"breadcrumb\":{\"@id\":\"https:\/\/restaurant-inselparadies.de\/impressum\/#breadcrumb\"},\"inLanguage\":\"en-GB\",\"potentialAction\":[{\"@type\":\"ReadAction\",\"target\":[\"https:\/\/restaurant-inselparadies.de\/impressum\/\"]}]},{\"@type\":\"BreadcrumbList\",\"@id\":\"https:\/\/restaurant-inselparadies.de\/impressum\/#breadcrumb\",\"itemListElement\":[{\"@type\":\"ListItem\",\"position\":1,\"name\":\"Startseite\",\"item\":\"https:\/\/restaurant-inselparadies.de\/\"},{\"@type\":\"ListItem\",\"position\":2,\"name\":\"Impressum\"}]},{\"@type\":\"WebSite\",\"@id\":\"https:\/\/restaurant-inselparadies.de\/#website\",\"url\":\"https:\/\/restaurant-inselparadies.de\/\",\"name\":\"Inselparadies - Asiatische Spezialit\u00e4ten\",\"description\":\"Authentische K\u00fcche. Frisch zubereitet.\",\"potentialAction\":[{\"@type\":\"SearchAction\",\"target\":{\"@type\":\"EntryPoint\",\"urlTemplate\":\"https:\/\/restaurant-inselparadies.de\/?s={search_term_string}\"},\"query-input\":{\"@type\":\"PropertyValueSpecification\",\"valueRequired\":true,\"valueName\":\"search_term_string\"}}],\"inLanguage\":\"en-GB\"}]}<\/script>\n<!-- \/ Yoast SEO plugin. -->","yoast_head_json":{"title":"Impressum - Inselparadies - Asiatische Spezialit\u00e4ten","robots":{"index":"index","follow":"follow","max-snippet":"max-snippet:-1","max-image-preview":"max-image-preview:large","max-video-preview":"max-video-preview:-1"},"canonical":"https:\/\/restaurant-inselparadies.de\/en\/impressum\/","og_locale":"en_GB","og_type":"article","og_title":"Impressum - Inselparadies - Asiatische Spezialit\u00e4ten","og_description":"Impressum WEBSEITENBETREIBER Le Xuan Hoang INFORMATIONEN \u00dcBER DAS UNTERNEHMEN Poststra\u00dfe 2 39164 Wanzleben-B\u00f6rde KONTAKT Telefon: 039209 60722 E-Mail: xinchao@restaurant-inselparadies.de VERANTWORTLICH F\u00dcR DEN INHALT Xuan Hoang Le EU-STREITSCHLICHTUNG Die Europ\u00e4ische Kommission stellt eine Plattform zur Online-Streitbeilegung (OS) bereit: https:\/\/ec.europa.eu\/consumers\/odr Unsere E-Mail-Adresse finden Sie oben im Impressum. VERBRAUCHER\u00adSTREIT\u00adBEILEGUNG \/ UNIVERSAL\u00adSCHLICHTUNGS\u00adSTELLE Wir sind nicht verpflichtet, an Streitbeilegungsverfahren vor [&hellip;]","og_url":"https:\/\/restaurant-inselparadies.de\/en\/impressum\/","og_site_name":"Inselparadies - Asiatische Spezialit\u00e4ten","article_modified_time":"2025-12-02T07:52:20+00:00","twitter_card":"summary_large_image","twitter_misc":{"Estimated reading time":"2 minutes"},"schema":{"@context":"https:\/\/schema.org","@graph":[{"@type":"WebPage","@id":"https:\/\/restaurant-inselparadies.de\/impressum\/","url":"https:\/\/restaurant-inselparadies.de\/impressum\/","name":"Impressum - Inselparadies - Asiatische Spezialit\u00e4ten","isPartOf":{"@id":"https:\/\/restaurant-inselparadies.de\/#website"},"datePublished":"2025-12-01T16:39:59+00:00","dateModified":"2025-12-02T07:52:20+00:00","breadcrumb":{"@id":"https:\/\/restaurant-inselparadies.de\/impressum\/#breadcrumb"},"inLanguage":"en-GB","potentialAction":[{"@type":"ReadAction","target":["https:\/\/restaurant-inselparadies.de\/impressum\/"]}]},{"@type":"BreadcrumbList","@id":"https:\/\/restaurant-inselparadies.de\/impressum\/#breadcrumb","itemListElement":[{"@type":"ListItem","position":1,"name":"Startseite","item":"https:\/\/restaurant-inselparadies.de\/"},{"@type":"ListItem","position":2,"name":"Impressum"}]},{"@type":"WebSite","@id":"https:\/\/restaurant-inselparadies.de\/#website","url":"https:\/\/restaurant-inselparadies.de\/","name":"Inselparadies - Asiatische Spezialit\u00e4ten","description":"Authentic cuisine. Freshly prepared.","potentialAction":[{"@type":"SearchAction","target":{"@type":"EntryPoint","urlTemplate":"https:\/\/restaurant-inselparadies.de\/?s={search_term_string}"},"query-input":{"@type":"PropertyValueSpecification","valueRequired":true,"valueName":"search_term_string"}}],"inLanguage":"en-GB"}]}},"_links":{"self":[{"href":"https:\/\/restaurant-inselparadies.de\/en\/wp-json\/wp\/v2\/pages\/130","targetHints":{"allow":["GET"]}}],"collection":[{"href":"https:\/\/restaurant-inselparadies.de\/en\/wp-json\/wp\/v2\/pages"}],"about":[{"href":"https:\/\/restaurant-inselparadies.de\/en\/wp-json\/wp\/v2\/types\/page"}],"author":[{"embeddable":true,"href":"https:\/\/restaurant-inselparadies.de\/en\/wp-json\/wp\/v2\/users\/1"}],"replies":[{"embeddable":true,"href":"https:\/\/restaurant-inselparadies.de\/en\/wp-json\/wp\/v2\/comments?post=130"}],"version-history":[{"count":10,"href":"https:\/\/restaurant-inselparadies.de\/en\/wp-json\/wp\/v2\/pages\/130\/revisions"}],"predecessor-version":[{"id":154,"href":"https:\/\/restaurant-inselparadies.de\/en\/wp-json\/wp\/v2\/pages\/130\/revisions\/154"}],"wp:attachment":[{"href":"https:\/\/restaurant-inselparadies.de\/en\/wp-json\/wp\/v2\/media?parent=130"}],"curies":[{"name":"wp","href":"https:\/\/api.w.org\/{rel}","templated":true}]}}